{"id":2,"date":"2024-01-24T18:21:28","date_gmt":"2024-01-24T18:21:28","guid":{"rendered":"http:\/\/lydro.dk\/?page_id=2"},"modified":"2024-03-28T13:22:47","modified_gmt":"2024-03-28T13:22:47","slug":"sample-page","status":"publish","type":"page","link":"https:\/\/lydro.dk\/","title":{"rendered":"Home"},"content":{"rendered":"\n<figure class=\"wp-block-image size-full\"><img loading=\"lazy\" decoding=\"async\" width=\"317\" height=\"389\" src=\"https:\/\/lydro.dk\/wp-content\/uploads\/2024\/02\/Logoundertekst-lille-1.jpg\" alt=\"\" class=\"wp-image-17\" srcset=\"https:\/\/lydro.dk\/wp-content\/uploads\/2024\/02\/Logoundertekst-lille-1.jpg 317w, https:\/\/lydro.dk\/wp-content\/uploads\/2024\/02\/Logoundertekst-lille-1-244x300.jpg 244w\" sizes=\"auto, (max-width: 317px) 100vw, 317px\" \/><\/figure>\n\n\n\n<p class=\"has-text-align-left has-black-color has-text-color\" style=\"font-size:clamp(67.975px, 4.248rem + ((1vw - 3.2px) * 8.336), 148px);font-style:normal;font-weight:700;letter-spacing:-4px;line-height:0.9;text-transform:none\">Kan stilhed v\u00e6re en lyd?<\/p>\n\n\n\n<h2 class=\"wp-block-heading\"><strong>Kan stilhed v\u00e6re h\u00f8jlydt&#8230;<\/strong><\/h2>\n\n\n\n<p class=\"has-medium-font-size\">Hvis du kan svare ja til det, s\u00e5 er du m\u00e5ske en af de 16% af voksne danskere, der lever med tinnitus og lige nu er kommet ind p\u00e5 dette website, fordi du \u00f8nsker hj\u00e6lp og mere viden om, hvordan du kan &#8220;s\u00e6tte lyden p\u00e5 pause&#8221;.<\/p>\n\n\n\n<p><\/p>\n\n\n\n<p>Tinnitus kan \u00e6ndre sig fra dag til dag og henover tid. Tinnitus kan h\u00f8res enten hele tiden eller nogle gange, og m\u00e5ske giver tinnitus s\u00f8vnproblemer.<\/p>\n\n\n\n<p>Noget af den viden vi har omkring tinnitus er, at vi selv kan g\u00f8re noget for at lindre,hvordan vi h\u00f8rer og oplever tinnitus. <\/p>\n\n\n\n<p>Jeg er audiologisk uddannet og har v\u00e6ret i den &#8220;verden&#8221; siden 1990, hvor jeg arbejder med mennesker der har nedsat h\u00f8relse, tinnitus eller modtager h\u00f8reapparatsbehandling. <\/p>\n\n\n\n<p><\/p>\n\n\n\n<figure class=\"wp-block-image size-full\"><img loading=\"lazy\" decoding=\"async\" width=\"960\" height=\"540\" src=\"https:\/\/lydro.dk\/wp-content\/uploads\/2024\/03\/pfarve3lillbanner4mini.jpg\" alt=\"\" class=\"wp-image-63\" srcset=\"https:\/\/lydro.dk\/wp-content\/uploads\/2024\/03\/pfarve3lillbanner4mini.jpg 960w, https:\/\/lydro.dk\/wp-content\/uploads\/2024\/03\/pfarve3lillbanner4mini-300x169.jpg 300w, https:\/\/lydro.dk\/wp-content\/uploads\/2024\/03\/pfarve3lillbanner4mini-768x432.jpg 768w\" sizes=\"auto, (max-width: 960px) 100vw, 960px\" \/><\/figure>\n\n\n\n<p>Jeg er endvidere uddannet psykoterapeut, med speciale i emotionsterapi. I min terapi l\u00e6gger jeg v\u00e6gt p\u00e5 bevidsthed, accept, forst\u00e5else og forandring.<\/p>\n\n\n\n<p>Jeg holder til i Hiller\u00f8d, hvor jeg har konsultation efter kl. 16 i hverdagene, og jeg tager ogs\u00e5 p\u00e5 hjemmebes\u00f8g efter aftale. <\/p>\n\n\n\n<p>Du vil kunne fange mig, Pia Lund p\u00e5 telefon +45 20 91 91 96 <\/p>\n\n\n<nav class=\"is-responsive wp-block-navigation is-layout-flex wp-block-navigation-is-layout-flex\" aria-label=\"Navigation\" \n\t\t data-wp-interactive=\"core\/navigation\" data-wp-context='{\"overlayOpenedBy\":{\"click\":false,\"hover\":false,\"focus\":false},\"type\":\"overlay\",\"roleAttribute\":\"\",\"ariaLabel\":\"Menu\"}'><button aria-haspopup=\"dialog\" aria-label=\"\u00c5bn menu\" class=\"wp-block-navigation__responsive-container-open\" \n\t\t\t\tdata-wp-on--click=\"actions.openMenuOnClick\"\n\t\t\t\tdata-wp-on--keydown=\"actions.handleMenuKeydown\"\n\t\t\t><svg width=\"24\" height=\"24\" xmlns=\"http:\/\/www.w3.org\/2000\/svg\" viewBox=\"0 0 24 24\" aria-hidden=\"true\" focusable=\"false\"><path d=\"M4 7.5h16v1.5H4z\"><\/path><path d=\"M4 15h16v1.5H4z\"><\/path><\/svg><\/button>\n\t\t\t\t<div class=\"wp-block-navigation__responsive-container\"  id=\"modal-1\" \n\t\t\t\tdata-wp-class--has-modal-open=\"state.isMenuOpen\"\n\t\t\t\tdata-wp-class--is-menu-open=\"state.isMenuOpen\"\n\t\t\t\tdata-wp-watch=\"callbacks.initMenu\"\n\t\t\t\tdata-wp-on--keydown=\"actions.handleMenuKeydown\"\n\t\t\t\tdata-wp-on--focusout=\"actions.handleMenuFocusout\"\n\t\t\t\ttabindex=\"-1\"\n\t\t\t>\n\t\t\t\t\t<div class=\"wp-block-navigation__responsive-close\" tabindex=\"-1\">\n\t\t\t\t\t\t<div class=\"wp-block-navigation__responsive-dialog\" \n\t\t\t\tdata-wp-bind--aria-modal=\"state.ariaModal\"\n\t\t\t\tdata-wp-bind--aria-label=\"state.ariaLabel\"\n\t\t\t\tdata-wp-bind--role=\"state.roleAttribute\"\n\t\t\t>\n\t\t\t\t\t\t\t<button aria-label=\"Luk menu\" class=\"wp-block-navigation__responsive-container-close\" \n\t\t\t\tdata-wp-on--click=\"actions.closeMenuOnClick\"\n\t\t\t><svg xmlns=\"http:\/\/www.w3.org\/2000\/svg\" viewBox=\"0 0 24 24\" width=\"24\" height=\"24\" aria-hidden=\"true\" focusable=\"false\"><path d=\"m13.06 12 6.47-6.47-1.06-1.06L12 10.94 5.53 4.47 4.47 5.53 10.94 12l-6.47 6.47 1.06 1.06L12 13.06l6.47 6.47 1.06-1.06L13.06 12Z\"><\/path><\/svg><\/button>\n\t\t\t\t\t\t\t<div class=\"wp-block-navigation__responsive-container-content\" \n\t\t\t\tdata-wp-watch=\"callbacks.focusFirstElement\"\n\t\t\t id=\"modal-1-content\">\n\t\t\t\t\t\t\t\t<ul class=\"wp-block-navigation__container is-responsive wp-block-navigation\"><ul class=\"wp-block-page-list\"><li class=\"wp-block-pages-list__item wp-block-navigation-item open-on-hover-click menu-item-home\"><a class=\"wp-block-pages-list__item__link wp-block-navigation-item__content\" href=\"https:\/\/lydro.dk\/\">Home<\/a><\/li><li class=\"wp-block-pages-list__item wp-block-navigation-item open-on-hover-click\"><a class=\"wp-block-pages-list__item__link wp-block-navigation-item__content\" href=\"https:\/\/lydro.dk\/?page_id=39\">Tinnitus i dybden<\/a><\/li><\/ul><\/ul>\n\t\t\t\t\t\t\t<\/div>\n\t\t\t\t\t\t<\/div>\n\t\t\t\t\t<\/div>\n\t\t\t\t<\/div><\/nav>","protected":false},"excerpt":{"rendered":"<p>Kan stilhed v\u00e6re en lyd? Kan stilhed v\u00e6re h\u00f8jlydt&#8230; Hvis du kan svare ja til det, s\u00e5 er du m\u00e5ske en af de 16% af voksne danskere, der lever med tinnitus og lige nu er kommet ind p\u00e5 dette website, fordi du \u00f8nsker hj\u00e6lp og mere viden om, hvordan du kan &#8220;s\u00e6tte lyden p\u00e5 pause&#8221;. [&hellip;]<\/p>\n","protected":false},"author":1,"featured_media":0,"parent":0,"menu_order":0,"comment_status":"closed","ping_status":"open","template":"","meta":{"footnotes":""},"class_list":["post-2","page","type-page","status-publish","hentry"],"_links":{"self":[{"href":"https:\/\/lydro.dk\/index.php?rest_route=\/wp\/v2\/pages\/2","targetHints":{"allow":["GET"]}}],"collection":[{"href":"https:\/\/lydro.dk\/index.php?rest_route=\/wp\/v2\/pages"}],"about":[{"href":"https:\/\/lydro.dk\/index.php?rest_route=\/wp\/v2\/types\/page"}],"author":[{"embeddable":true,"href":"https:\/\/lydro.dk\/index.php?rest_route=\/wp\/v2\/users\/1"}],"replies":[{"embeddable":true,"href":"https:\/\/lydro.dk\/index.php?rest_route=%2Fwp%2Fv2%2Fcomments&post=2"}],"version-history":[{"count":21,"href":"https:\/\/lydro.dk\/index.php?rest_route=\/wp\/v2\/pages\/2\/revisions"}],"predecessor-version":[{"id":68,"href":"https:\/\/lydro.dk\/index.php?rest_route=\/wp\/v2\/pages\/2\/revisions\/68"}],"wp:attachment":[{"href":"https:\/\/lydro.dk\/index.php?rest_route=%2Fwp%2Fv2%2Fmedia&parent=2"}],"curies":[{"name":"wp","href":"https:\/\/api.w.org\/{rel}","templated":true}]}}